{"id":9,"date":"2015-06-11T12:29:44","date_gmt":"2015-06-11T10:29:44","guid":{"rendered":"http:\/\/ampero.com.pl\/?page_id=9"},"modified":"2022-06-20T13:21:02","modified_gmt":"2022-06-20T11:21:02","slug":"o-firmie","status":"publish","type":"page","link":"https:\/\/ampero.com.pl\/index.php\/o-firmie\/","title":{"rendered":"O Firmie"},"content":{"rendered":"<div id=\"pl-9\"  class=\"panel-layout\" ><div id=\"pg-9-0\"  class=\"panel-grid panel-no-style\" ><div id=\"pgc-9-0-0\"  class=\"panel-grid-cell\" ><div id=\"panel-9-0-0-0\" class=\"so-panel widget widget_text panel-first-child panel-last-child\" data-index=\"0\" ><h3 class=\"widget-title\">Naczeln\u0105 dewiz\u0105 naszej firmy jest dobro klienta! Istniejemy od 1991 roku.<\/h3>\t\t\t<div class=\"textwidget\"><h4>Historia naszej firmy to ponad 30 lat do\u015bwiadczenia, rozwoju i innowacji. Cieszymy si\u0119, \u017ce jako\u015b\u0107 naszych wyrob\u00f3w oraz us\u0142ug pozwoli\u0142a nam budowa\u0107 przez wszystkie lata zaufanie klient\u00f3w.<\/h4>\nW tym czasie rozwin\u0119li\u015bmy kontakty nie tylko z polskimi kontrahentami, ale r\u00f3wnie\u017c wysy\u0142amy nasze wyroby do wielu zagranicznych partner\u00f3w. Niezmiennie naszymi celami s\u0105 jako\u015b\u0107 oraz precyzja. Wieloletnia praca w tej samej dziedzinie gwarantuje naszym produktom spe\u0142nienie naszych cel\u00f3w w najwy\u017cszym stopniu.<\/div>\n\t\t<\/div><\/div><div id=\"pgc-9-0-1\"  class=\"panel-grid-cell\" ><div id=\"panel-9-0-1-0\" class=\"so-panel widget widget_sow-image panel-first-child panel-last-child\" data-index=\"1\" ><div\n\t\t\t\n\t\t\tclass=\"so-widget-sow-image so-widget-sow-image-default-8b5b6f678277-9\"\n\t\t\t\n\t\t>\n<div class=\"sow-image-container\">\n\t\t<img loading=\"lazy\" decoding=\"async\" src=\"https:\/\/ampero.com.pl\/wp-content\/uploads\/2015\/06\/firma.png\" width=\"411\" height=\"327\" srcset=\"https:\/\/ampero.com.pl\/wp-content\/uploads\/2015\/06\/firma.png 411w, https:\/\/ampero.com.pl\/wp-content\/uploads\/2015\/06\/firma-300x239.png 300w\" sizes=\"auto, (max-width: 411px) 100vw, 411px\" alt=\"\" \t\tclass=\"so-widget-image\"\/>\n\t<\/div>\n\n<\/div><\/div><\/div><\/div><div id=\"pg-9-1\"  class=\"panel-grid panel-no-style\" ><div id=\"pgc-9-1-0\"  class=\"panel-grid-cell\" ><div id=\"panel-9-1-0-0\" class=\"so-panel widget widget_black-studio-tinymce widget_black_studio_tinymce panel-first-child panel-last-child\" data-index=\"2\" ><div class=\"textwidget\"><h2>Historia Firmy<\/h2>\n<p><strong>W 1991 roku<\/strong> zosta\u0142o powo\u0142ane do dzia\u0142alno\u015bci produkcyjno-handlowo-us\u0142ugowej Przedsi\u0119biorstwo PPHU \"AMPERO\"Sp.z o.o. Pocz\u0105tkowa dzia\u0142alno\u015b\u0107 obejmowa\u0142a dwa obszary:<\/p>\n<ul>\n<li>1.\u00a0temperatura<\/li>\n<li>2.\u00a0ci\u015bnienie<\/li>\n<\/ul>\n<p>Za\u0142o\u017cyciele firmy przez wiele lat realizowali si\u0119 w w\/w obszarach. Na prze\u0142omie lat 1970 i 1980 byli tw\u00f3rcami jednego z istniej\u0105cych w\u00f3wczas laboratori\u00f3w, kt\u00f3re posiada\u0142o status Instytucji Upowa\u017cnionej. Oznacza\u0142o to upowa\u017cnienie do \u015bwiadczenia czynno\u015bci wzorcowania i legalizacji etalon\u00f3w kontrolnych na r\u00f3wni z Pa\u0144stwow\u0105 Administracj\u0105 Miar.<\/p>\n<p><strong>1980<\/strong> - wspomniani pracownicy przy wsp\u00f3\u0142pracy z kadr\u0105 Instytutu System\u00f3w Sterowania brali mi\u0119dzy innymi udzia\u0142 w opracowaniu pierwszego w kraju automatycznego systemu do pomiaru i analizy charakterystyk termometrycznych (system powsta\u0142 z wykorzystaniem systemu komputerowego typu\"ODRA\").<\/p>\n<p><strong>1994<\/strong> - kolejnym sprawdzianem zawodowym by\u0142o opracowanie i wykonanie a nast\u0119pnie uruchomienie - z udzia\u0142em kadry Politechniki \u015al\u0105skiej - kompleksowej symulacji temperatury w funkcji wilgotno\u015bci.<\/p>\n<p><strong>2002<\/strong> - wdro\u017cono System Zarz\u0105dzania Jako\u015bci\u0105 ISO 9001:2000. Jesieni\u0105 2004 roku nast\u0105pi\u0142o po\u0142\u0105czenie kapita\u0142owe z wiod\u0105c\u0105 firm\u0105 w pomiarach temperatury na terytorium Francji - THERMO EST. Zosta\u0142a rozbudowana znacz\u0105co baza sprz\u0119tu produkcyjnego (w tym spawarek laserowych), co umo\u017cliwi\u0142o powi\u0119kszenie asortymentu produkcji i us\u0142ug.<\/p>\n<p><strong>Od pa\u017adziernika 2004<\/strong> nast\u0105pi\u0142a zmiana nazwy firmy na AMPERO THERMO-EST Sp.z o.o.<\/p>\n<p><strong>2007<\/strong> - zrezygnowano z ci\u015bnienia i postanowiono skupi\u0107 dzia\u0142alno\u015b\u0107 wy\u0142\u0105cznie na temperaturze.<\/p>\n<p><strong>2009<\/strong> - to pocz\u0105tek wymiany sprz\u0119tu pomiarowego w Laboratorium pod k\u0105tem spe\u0142nienia wymog\u00f3w AKREDYTACJI LABORATORIUM.<\/p>\n<p><strong>2013<\/strong> - zas\u0142uguj\u0105cym na uwag\u0119 jest te\u017c udzia\u0142 naszej firmy, w realizacji programu realizowanego przez G\u0142\u00f3wny Instytut G\u00f3rnictwa w temacie \"Opracowanie technologii zgazowania w\u0119gla dla wysokoefektywnej produkcji paliw i energii elektrycznej\". Zdobyte do\u015bwiadczenie zaowocowa\u0142o wdro\u017ceniem wielu nowych typ\u00f3w czujnik\u00f3w oraz aparatury do pomiaru temperatury, kt\u00f3ry to proces trwa do chwili obecnej, zdobywaj\u0105c uznanie u naszych partner\u00f3w handlowych.<\/p>\n<\/div><\/div><\/div><\/div><div id=\"pg-9-2\"  class=\"panel-grid panel-no-style\" ><div id=\"pgc-9-2-0\"  class=\"panel-grid-cell\" ><div id=\"panel-9-2-0-0\" class=\"so-panel widget widget_black-studio-tinymce widget_black_studio_tinymce panel-first-child panel-last-child\" data-index=\"3\" ><div class=\"textwidget\"><h2>Dane Firmy<\/h2>\n<p><strong>AMPERO THERMO-EST Sp. z o.o.<br \/>ul. Budowlana 5 G<br \/>40-301 Katowice<\/strong><\/p>\n<\/div><\/div><\/div><div id=\"pgc-9-2-1\"  class=\"panel-grid-cell\" ><div id=\"panel-9-2-1-0\" class=\"so-panel widget widget_black-studio-tinymce widget_black_studio_tinymce panel-first-child panel-last-child\" data-index=\"4\" ><div class=\"textwidget\"><h2>\u00a0<\/h2>\n<p><strong>KRS: 0000053284<br \/>NIP: 634-013-52-74<br \/>REGON: 271057323<\/strong><\/p>\n<\/div><\/div><\/div><\/div><\/div>","protected":false},"excerpt":{"rendered":"<p>Historia naszej firmy to ponad 30 lat do\u015bwiadczenia, rozwoju i innowacji. Cieszymy si\u0119, \u017ce jako\u015b\u0107 naszych wyrob\u00f3w oraz us\u0142ug pozwoli\u0142a nam budowa\u0107 przez wszystkie lata zaufanie klient\u00f3w. W tym czasie rozwin\u0119li\u015bmy kontakty nie tylko z polskimi kontrahentami, ale r\u00f3wnie\u017c wysy\u0142amy nasze wyroby do wielu zagranicznych partner\u00f3w. Niezmiennie naszymi celami s\u0105 jako\u015b\u0107 oraz precyzja. Wieloletnia praca [&hellip;]<\/p>\n","protected":false},"author":3,"featured_media":0,"parent":0,"menu_order":0,"comment_status":"closed","ping_status":"open","template":"","meta":{"footnotes":""},"class_list":["post-9","page","type-page","status-publish","hentry"],"aioseo_notices":[],"_links":{"self":[{"href":"https:\/\/ampero.com.pl\/index.php\/wp-json\/wp\/v2\/pages\/9","targetHints":{"allow":["GET"]}}],"collection":[{"href":"https:\/\/ampero.com.pl\/index.php\/wp-json\/wp\/v2\/pages"}],"about":[{"href":"https:\/\/ampero.com.pl\/index.php\/wp-json\/wp\/v2\/types\/page"}],"author":[{"embeddable":true,"href":"https:\/\/ampero.com.pl\/index.php\/wp-json\/wp\/v2\/users\/3"}],"replies":[{"embeddable":true,"href":"https:\/\/ampero.com.pl\/index.php\/wp-json\/wp\/v2\/comments?post=9"}],"version-history":[{"count":12,"href":"https:\/\/ampero.com.pl\/index.php\/wp-json\/wp\/v2\/pages\/9\/revisions"}],"predecessor-version":[{"id":1274,"href":"https:\/\/ampero.com.pl\/index.php\/wp-json\/wp\/v2\/pages\/9\/revisions\/1274"}],"wp:attachment":[{"href":"https:\/\/ampero.com.pl\/index.php\/wp-json\/wp\/v2\/media?parent=9"}],"curies":[{"name":"wp","href":"https:\/\/api.w.org\/{rel}","templated":true}]}}