{"id":75,"date":"2015-06-11T14:34:58","date_gmt":"2015-06-11T12:34:58","guid":{"rendered":"http:\/\/ampero.com.pl\/?page_id=75"},"modified":"2024-07-17T09:24:05","modified_gmt":"2024-07-17T07:24:05","slug":"kontakt","status":"publish","type":"page","link":"https:\/\/ampero.com.pl\/index.php\/kontakt\/","title":{"rendered":"Kontakt"},"content":{"rendered":"<div id=\"pl-75\"  class=\"panel-layout\" ><div id=\"pg-75-0\"  class=\"panel-grid panel-no-style\" ><div id=\"pgc-75-0-0\"  class=\"panel-grid-cell panel-grid-cell-empty\" ><\/div><div id=\"pgc-75-0-1\"  class=\"panel-grid-cell panel-grid-cell-mobile-last\" ><div id=\"panel-75-0-1-0\" class=\"so-panel widget widget_text panel-first-child panel-last-child\" data-index=\"0\" >\t\t\t<div class=\"textwidget\"><span style=\"color: #ffffff;\">.<\/span>\n<span style=\"color: #ffffff;\">.<\/span>\n<h3 style=\"text-align: center;\"><strong>AMPERO THERMO-EST<\/strong><\/h3>\n<h5 style=\"text-align: center;\">ul.Budowlana 5g,\n40-301 Katowice\n<a href=\"mailto:%20ampero@ampero.com.pl\">ampero@ampero.com.pl<\/a><\/h5>\n<h5 style=\"text-align: center;\">Nasz dzia\u0142 obs\u0142ugi klienta jest do Pa\u0144stwa dyspozycji\nod poniedzia\u0142ku do pi\u0105tku, z wyj\u0105tkiem \u015bwi\u0105t,<\/br>\nw godzinach 7:00 - 15:00.<\/h5>\n<h5 style=\"text-align: center;\">Ch\u0119tnie odpowiemy na ka\u017cde pytania dotycz\u0105ce produkt\u00f3w!<\/h5><\/div>\n\t\t<\/div><\/div><div id=\"pgc-75-0-2\"  class=\"panel-grid-cell panel-grid-cell-empty\" ><\/div><\/div><div id=\"pg-75-1\"  class=\"panel-grid panel-no-style\" ><div id=\"pgc-75-1-0\"  class=\"panel-grid-cell\" ><div id=\"panel-75-1-0-0\" class=\"so-panel widget widget_black-studio-tinymce widget_black_studio_tinymce panel-first-child panel-last-child\" data-index=\"1\" ><div class=\"textwidget\"><div class=\"csRow\">\n<div class=\"csColumnGap\" style=\"margin: 0px; padding: 0px; float: left; width: 1.56%;\"><img decoding=\"async\" style=\"border: none;\" src=\"http:\/\/grupa.ampero.com.pl\/wp-content\/plugins\/advanced-wp-columns\/assets\/js\/plugins\/views\/img\/1x1-pixel.png\" alt=\"\" \/><\/div>\n<div class=\"csColumn\" style=\"margin: 0px; padding: 0px; float: left; width: 31.3%;\" data-csid=\"046d91ca-f607-7b5b-b9e6-5a59b0a3c49f\" data-cswidth=\"31.3%\" data-csendpoint=\"315\" data-csstartpoint=\"15\">\n<h4><strong>Telefon:<\/strong><\/h4>\n<p>+48 32 203 82 57<br \/>\n+48 32 258 65 79<br \/>\n+48 603 950 935<\/p><\/div>\n<div class=\"csColumnGap\" style=\"margin: 0px; padding: 0px; float: left; width: 1.56%;\"><img decoding=\"async\" style=\"border: none;\" src=\"http:\/\/grupa.ampero.com.pl\/wp-content\/plugins\/advanced-wp-columns\/assets\/js\/plugins\/views\/img\/1x1-pixel.png\" alt=\"\" \/><\/div>\n<div class=\"csColumn\" style=\"margin: 0px; padding: 0px; float: left; width: 31.3%;\" data-csid=\"b9481dfe-4fcb-35de-bc6e-5e847e60a866\" data-cswidth=\"31.3%\" data-csendpoint=\"630\" data-csstartpoint=\"330\">\n<h4><\/h4>\n<p>&nbsp;<\/p><\/div>\n<div class=\"csColumnGap\" style=\"margin: 0px; padding: 0px; float: left; width: 1.56%;\"><img decoding=\"async\" style=\"border: none;\" src=\"http:\/\/grupa.ampero.com.pl\/wp-content\/plugins\/advanced-wp-columns\/assets\/js\/plugins\/views\/img\/1x1-pixel.png\" alt=\"\" \/><\/div>\n<div class=\"csColumn\" style=\"margin: 0px; padding: 0px; float: left; width: 31.3%;\" data-csid=\"f7e90f61-8de3-ad6f-8188-2ec9b785a89a\" data-cswidth=\"31.3%\" data-csendpoint=\"945\" data-csstartpoint=\"645\">\n<h4><strong>Lokalizacja GPS:<\/strong><\/h4>\n<p>E 50\u00b016,624'<br \/>\nN 19\u00b003,108'<\/p><\/div>\n<\/div>\n<div class=\"csRow\">\n<div class=\"csColumnGap\" style=\"margin: 0px; padding: 0px; float: left; width: 1.56%;\"><img decoding=\"async\" style=\"border: none;\" src=\"http:\/\/grupa.ampero.com.pl\/wp-content\/plugins\/advanced-wp-columns\/assets\/js\/plugins\/views\/img\/1x1-pixel.png\" alt=\"\" \/><\/div>\n<div class=\"csColumn\" style=\"margin: 0px; padding: 0px; float: left; width: 31.3%;\" data-csid=\"c72d75c2-a02d-d917-a30d-3ae3ade21100\" data-cswidth=\"31.3%\" data-csendpoint=\"315\" data-csstartpoint=\"15\">\n<h4><strong>Zapytania, oferty:<\/strong><\/h4>\n<p><strong>Wojciech Meres<\/strong><\/p>\n<p>tel. +48 32 203 82 57 w.21<br \/>\n+48 32 258 65 79 w.21<br \/>\ntel. kom. +48 603 891 081<br \/>\n<a href=\"mailto:wmeres@ampero.com.pl\">wmeres@ampero.com.pl<\/a><br \/>\n<a href=\"mailto:ampero@ampero.com.pl\">ampero@ampero.com.pl<\/a><\/p>\n<p><strong>Micha\u0142 Duda<\/strong><\/p>\n<p>tel. +48 32 203 82 57 w.30<br \/>\n+48 32 258 65 79 w.30<br \/>\n<a href=\"mailto:mduda@ampero.com.pl\">mduda@ampero.com.pl<\/a><\/p>\n<h4><strong>Dane:<\/strong><\/h4>\n<p><strong>NIP: 634-013-52-74<br \/>\nREGON: 271057323<br \/>\nKRS: 0000053284<br \/>\nBDO: 000123924<\/strong><\/div>\n<div class=\"csColumnGap\" style=\"margin: 0px; padding: 0px; float: left; width: 1.56%;\"><img decoding=\"async\" style=\"border: none;\" src=\"http:\/\/grupa.ampero.com.pl\/wp-content\/plugins\/advanced-wp-columns\/assets\/js\/plugins\/views\/img\/1x1-pixel.png\" alt=\"\" \/><\/div>\n<div class=\"csColumn\" style=\"margin: 0px; padding: 0px; float: left; width: 31.3%;\" data-csid=\"37288ec6-b2c7-54f5-a4a9-f5c8a9df00de\" data-cswidth=\"31.3%\" data-csendpoint=\"630\" data-csstartpoint=\"330\">\n<h4><strong>Biuro:<\/strong><\/h4>\n<p>tel. +48 32 203 82 57 w.25<br \/>\n+48 32 258 65 79 w.25<br \/>\n<a href=\"mailto:sekretariat@ampero.com.pl\">sekretariat@ampero.com.pl<\/a><br \/>\n<a href=\"mailto:biuro@ampero.com.pl\">biuro@ampero.com.pl<\/a><\/p>\n<p>&nbsp;<\/p><\/div>\n<div class=\"csColumnGap\" style=\"margin: 0px; padding: 0px; float: left; width: 1.56%;\"><img decoding=\"async\" style=\"border: none;\" src=\"http:\/\/grupa.ampero.com.pl\/wp-content\/plugins\/advanced-wp-columns\/assets\/js\/plugins\/views\/img\/1x1-pixel.png\" alt=\"\" \/><\/div>\n<div class=\"csColumn\" style=\"margin: 0px; padding: 0px; float: left; width: 31.3%;\" data-csid=\"cc10683d-648e-d69c-9304-abb1a68004ba\" data-cswidth=\"31.3%\" data-csendpoint=\"945\" data-csstartpoint=\"645\">\n<h4><strong>Laboratorium:<\/strong><\/h4>\n<p><strong>Alicja J\u0119dru\u015b-Staudt<\/strong><\/p>\n<p>tel. +48 32 203 82 57 w.22<br \/>\n<a href=\"mailto:alicja.staudt@ampero.com.pl\">alicja.staudt@ampero.com.pl<\/a><\/div>\n<\/div>\n<\/div><\/div><\/div><\/div><div id=\"pg-75-2\"  class=\"panel-grid panel-no-style\" ><div id=\"pgc-75-2-0\"  class=\"panel-grid-cell\" ><div id=\"panel-75-2-0-0\" class=\"so-panel widget widget_sow-image panel-first-child panel-last-child\" data-index=\"2\" ><div\n\t\t\t\n\t\t\tclass=\"so-widget-sow-image so-widget-sow-image-default-8b5b6f678277-75\"\n\t\t\t\n\t\t>\n<div class=\"sow-image-container\">\n\t\t<img loading=\"lazy\" decoding=\"async\" src=\"https:\/\/ampero.com.pl\/wp-content\/uploads\/2015\/06\/firma3.png\" width=\"435\" height=\"341\" srcset=\"https:\/\/ampero.com.pl\/wp-content\/uploads\/2015\/06\/firma3.png 435w, https:\/\/ampero.com.pl\/wp-content\/uploads\/2015\/06\/firma3-300x235.png 300w\" sizes=\"auto, (max-width: 435px) 100vw, 435px\" alt=\"\" \t\tclass=\"so-widget-image\"\/>\n\t<\/div>\n\n<\/div><\/div><\/div><div id=\"pgc-75-2-1\"  class=\"panel-grid-cell panel-grid-cell-mobile-last\" ><div id=\"panel-75-2-1-0\" class=\"so-panel widget widget_sow-image panel-first-child panel-last-child\" data-index=\"3\" ><div\n\t\t\t\n\t\t\tclass=\"so-widget-sow-image so-widget-sow-image-default-8b5b6f678277-75\"\n\t\t\t\n\t\t>\n<div class=\"sow-image-container\">\n\t\t<img loading=\"lazy\" decoding=\"async\" src=\"https:\/\/ampero.com.pl\/wp-content\/uploads\/2015\/06\/firma2.png\" width=\"435\" height=\"341\" srcset=\"https:\/\/ampero.com.pl\/wp-content\/uploads\/2015\/06\/firma2.png 435w, https:\/\/ampero.com.pl\/wp-content\/uploads\/2015\/06\/firma2-300x235.png 300w\" sizes=\"auto, (max-width: 435px) 100vw, 435px\" alt=\"\" \t\tclass=\"so-widget-image\"\/>\n\t<\/div>\n\n<\/div><\/div><\/div><div id=\"pgc-75-2-2\"  class=\"panel-grid-cell panel-grid-cell-empty\" ><\/div><\/div><div id=\"pg-75-3\"  class=\"panel-grid panel-no-style\" ><div id=\"pgc-75-3-0\"  class=\"panel-grid-cell\" ><div id=\"panel-75-3-0-0\" class=\"so-panel widget widget_sow-google-map panel-first-child panel-last-child\" data-index=\"4\" ><div\n\t\t\t\n\t\t\tclass=\"so-widget-sow-google-map so-widget-sow-google-map-default-74bfbe061088-75\"\n\t\t\t\n\t\t>\n<div class=\"sow-google-map-canvas\"\n\tstyle=\"\"\n\tid=\"map-canvas-95ee45ed660eb92e233bdc0bca156600\"\n\tdata-options=\"{&quot;address&quot;:&quot;Katowice, ul.Budowlana 5g&quot;,&quot;zoom&quot;:12,&quot;mobileZoom&quot;:12,&quot;gestureHandling&quot;:&quot;none&quot;,&quot;disableUi&quot;:false,&quot;markerIcon&quot;:false,&quot;markersDraggable&quot;:false,&quot;markerAtCenter&quot;:true,&quot;markerInfoDisplay&quot;:&quot;click&quot;,&quot;markerInfoMultiple&quot;:true,&quot;markerPositions&quot;:false,&quot;mapName&quot;:false,&quot;mapStyles&quot;:false,&quot;directions&quot;:&quot;&quot;,&quot;apiKey&quot;:&quot;&quot;,&quot;breakpoint&quot;:&quot;780&quot;}\"\n\tdata-fallback-image=\"{&quot;img&quot;:&quot;&quot;}\"><\/div>\n<\/div><\/div><\/div><\/div><\/div>","protected":false},"excerpt":{"rendered":"<p>. . AMPERO THERMO-EST ul.Budowlana 5g, 40-301 Katowice ampero@ampero.com.pl Nasz dzia\u0142 obs\u0142ugi klienta jest do Pa\u0144stwa dyspozycji od poniedzia\u0142ku do pi\u0105tku, z wyj\u0105tkiem \u015bwi\u0105t, w godzinach 7:00 &#8211; 15:00. Ch\u0119tnie odpowiemy na ka\u017cde pytania dotycz\u0105ce produkt\u00f3w! Telefon: +48 32 203 82 57 +48 32 258 65 79 +48 603 950 935 &nbsp; Lokalizacja GPS: E [&hellip;]<\/p>\n","protected":false},"author":3,"featured_media":0,"parent":0,"menu_order":0,"comment_status":"closed","ping_status":"open","template":"","meta":{"footnotes":""},"class_list":["post-75","page","type-page","status-publish","hentry"],"aioseo_notices":[],"_links":{"self":[{"href":"https:\/\/ampero.com.pl\/index.php\/wp-json\/wp\/v2\/pages\/75","targetHints":{"allow":["GET"]}}],"collection":[{"href":"https:\/\/ampero.com.pl\/index.php\/wp-json\/wp\/v2\/pages"}],"about":[{"href":"https:\/\/ampero.com.pl\/index.php\/wp-json\/wp\/v2\/types\/page"}],"author":[{"embeddable":true,"href":"https:\/\/ampero.com.pl\/index.php\/wp-json\/wp\/v2\/users\/3"}],"replies":[{"embeddable":true,"href":"https:\/\/ampero.com.pl\/index.php\/wp-json\/wp\/v2\/comments?post=75"}],"version-history":[{"count":55,"href":"https:\/\/ampero.com.pl\/index.php\/wp-json\/wp\/v2\/pages\/75\/revisions"}],"predecessor-version":[{"id":1375,"href":"https:\/\/ampero.com.pl\/index.php\/wp-json\/wp\/v2\/pages\/75\/revisions\/1375"}],"wp:attachment":[{"href":"https:\/\/ampero.com.pl\/index.php\/wp-json\/wp\/v2\/media?parent=75"}],"curies":[{"name":"wp","href":"https:\/\/api.w.org\/{rel}","templated":true}]}}