{"id":62,"date":"2015-06-11T14:26:11","date_gmt":"2015-06-11T12:26:11","guid":{"rendered":"http:\/\/ampero.com.pl\/?page_id=62"},"modified":"2025-02-26T09:08:19","modified_gmt":"2025-02-26T08:08:19","slug":"dokumentacja","status":"publish","type":"page","link":"https:\/\/ampero.com.pl\/index.php\/dokumentacja\/","title":{"rendered":"Dokumentacja"},"content":{"rendered":"<div id=\"pl-62\"  class=\"panel-layout\" ><div id=\"pg-62-0\"  class=\"panel-grid panel-no-style\" ><div id=\"pgc-62-0-0\"  class=\"panel-grid-cell\" ><div id=\"panel-62-0-0-0\" class=\"so-panel widget widget_black-studio-tinymce widget_black_studio_tinymce panel-first-child panel-last-child\" data-index=\"0\" ><div class=\"textwidget\"><p><a href=\"http:\/\/ampero.com.pl\/index.php\/documentation\/\"rel=pdf>ENGLISH DOCUMENTATION<\/a><\/p>\n<p><a href=\"http:\/\/ampero.com.pl\/wp-content\/uploads\/2015\/06\/A01-StaleCzasowe.pdf\" rel=\"\">A01 - Sta\u0142e czasowe czujnik\u00f3w<\/a><\/p>\n<p><a href=\"https:\/\/ampero.com.pl\/wp-content\/uploads\/2024\/11\/A02-Tolerancja-Pt_Ni.pdf\" rel=\"\">A02 - Tolerancje czujnik\u00f3w rezystancyjnych (Pt100, Pt500, Pt100, Ni100)<\/a><\/p>\n<p><a href=\"http:\/\/ampero.com.pl\/wp-content\/uploads\/2015\/06\/A03-Tolerancja-KNJT.pdf\" rel=\"\">A03 - Tolerancja czujnik\u00f3w termoelektrycznych: K (NiCr-NiAl), N (NiCrSi-NiSi), J (FeCu-Ni), T\u00a0(Cu-NiCu)<\/a><\/p>\n<p><a href=\"http:\/\/ampero.com.pl\/wp-content\/uploads\/2015\/06\/A04-Tolerancja-SRB.pdf\"rel=\"\">A04 - Tolerancja czujnik\u00f3w termoelektrycznych: S (PtRh10-Pt), R (PtRh13-Pt), B (PtRh30-PtRh6)<\/a><\/p>\n<p><a href=\"http:\/\/ampero.com.pl\/wp-content\/uploads\/2015\/06\/A05-Tabela-Pt100Ni100.pdf\"rel=\"\">A05 - Tabela termometryczna RTD (Pt100, Ni100)<\/a><\/p>\n<p><a href=\"http:\/\/ampero.com.pl\/wp-content\/uploads\/2015\/06\/A06-Tabela-Pt500Pt1000.pdf\"rel=\"\">A06 - Tabela termometryczna RTD (Pt500, Pt1000)<\/a><\/p>\n<p><a href=\"http:\/\/ampero.com.pl\/wp-content\/uploads\/2015\/06\/A07-Tabela-KNJT.pdf\"rel=\"\">A07 - Tabela termometryczna: K (NiCr-NiAl), N (NiCrSi-NiSi), J (FeCu-Ni), T\u00a0(Cu-NiCu)<\/a><\/p>\n<p><a href=\"http:\/\/ampero.com.pl\/wp-content\/uploads\/2015\/06\/A08-Tabela-SRB.pdf\"rel=\"\">A08 - Tabela termometryczna: S (PtRh10-Pt), R (PtRh13-Pt), B (PtRh30-PtRh6)<\/a><\/p>\n<p><a href=\"http:\/\/ampero.com.pl\/wp-content\/uploads\/2015\/06\/A09-SchematPolaczen.pdf\"rel=\"\">A09 - Schematy po\u0142\u0105cze\u0144 czujnik\u00f3w<\/a><\/p>\n<p><a href=\"http:\/\/ampero.com.pl\/wp-content\/uploads\/2015\/06\/A10-ZestawienieTermoparPrzewodow.pdf\"rel=\"\">A10 - Zestawienie parametr\u00f3w termopar, przewod\u00f3w kompensacyjnych i termoelektrycznych<\/a><\/p>\n<p><a href=\"http:\/\/ampero.com.pl\/wp-content\/uploads\/2016\/05\/A11-KodyPrzewodow.pdf\"rel=\"\">A11 - Kody przewod\u00f3w<\/a><\/p>\n<p><a href=\"http:\/\/ampero.com.pl\/wp-content\/uploads\/2015\/06\/A12-Spis-Oslonkroccow.pdf\"rel=\"\">A12 - Kody os\u0142on, kr\u00f3\u0107c\u00f3w<\/a><\/p>\n<p><a href=\"http:\/\/ampero.com.pl\/wp-content\/uploads\/2015\/06\/A13-SpisGlowic-1.pdf\"rel=\"\">A13 - Kody g\u0142owic<\/a><\/p>\n<p><a href=\"http:\/\/ampero.com.pl\/wp-content\/uploads\/2016\/03\/A14-Zlacza.pdf\"rel=\"\">A14 - Kody z\u0142\u0105cz<\/a><\/p>\n<p><a href=\"https:\/\/ampero.com.pl\/wp-content\/uploads\/2025\/02\/A15-SchematPolaczen-G1-Rezystancja.pdf\">A15 - Schemat po\u0142\u0105cze\u0144 g\u0142owica G1 Rezystancja<\/a><\/p>\n<p><a href=\"https:\/\/ampero.com.pl\/wp-content\/uploads\/2025\/02\/A16-SchematPolaczen-G1-Termopara.pdf\">A16 - Schemat po\u0142\u0105cze\u0144 g\u0142owica G1 Termopara<\/a><\/p>\n<p><a href=\"http:\/\/ampero.com.pl\/wp-content\/uploads\/2017\/01\/Katalog.v12.00.pdf\"rel=\"\">KATALOG v12.00<\/a><br \/>\n&nbsp;<\/p>\n<\/div><\/div><\/div><\/div><\/div>","protected":false},"excerpt":{"rendered":"<p>ENGLISH DOCUMENTATION A01 &#8211; Sta\u0142e czasowe czujnik\u00f3w A02 &#8211; Tolerancje czujnik\u00f3w rezystancyjnych (Pt100, Pt500, Pt100, Ni100) A03 &#8211; Tolerancja czujnik\u00f3w termoelektrycznych: K (NiCr-NiAl), N (NiCrSi-NiSi), J (FeCu-Ni), T\u00a0(Cu-NiCu) A04 &#8211; Tolerancja czujnik\u00f3w termoelektrycznych: S (PtRh10-Pt), R (PtRh13-Pt), B (PtRh30-PtRh6) A05 &#8211; Tabela termometryczna RTD (Pt100, Ni100) A06 &#8211; Tabela termometryczna RTD (Pt500, Pt1000) A07 &#8211; [&hellip;]<\/p>\n","protected":false},"author":3,"featured_media":0,"parent":0,"menu_order":0,"comment_status":"closed","ping_status":"open","template":"","meta":{"footnotes":""},"class_list":["post-62","page","type-page","status-publish","hentry"],"aioseo_notices":[],"_links":{"self":[{"href":"https:\/\/ampero.com.pl\/index.php\/wp-json\/wp\/v2\/pages\/62","targetHints":{"allow":["GET"]}}],"collection":[{"href":"https:\/\/ampero.com.pl\/index.php\/wp-json\/wp\/v2\/pages"}],"about":[{"href":"https:\/\/ampero.com.pl\/index.php\/wp-json\/wp\/v2\/types\/page"}],"author":[{"embeddable":true,"href":"https:\/\/ampero.com.pl\/index.php\/wp-json\/wp\/v2\/users\/3"}],"replies":[{"embeddable":true,"href":"https:\/\/ampero.com.pl\/index.php\/wp-json\/wp\/v2\/comments?post=62"}],"version-history":[{"count":29,"href":"https:\/\/ampero.com.pl\/index.php\/wp-json\/wp\/v2\/pages\/62\/revisions"}],"predecessor-version":[{"id":1422,"href":"https:\/\/ampero.com.pl\/index.php\/wp-json\/wp\/v2\/pages\/62\/revisions\/1422"}],"wp:attachment":[{"href":"https:\/\/ampero.com.pl\/index.php\/wp-json\/wp\/v2\/media?parent=62"}],"curies":[{"name":"wp","href":"https:\/\/api.w.org\/{rel}","templated":true}]}}