{"id":6,"date":"2015-06-11T12:01:45","date_gmt":"2015-06-11T10:01:45","guid":{"rendered":"http:\/\/ampero.com.pl\/?page_id=6"},"modified":"2023-03-31T10:22:58","modified_gmt":"2023-03-31T08:22:58","slug":"witaj","status":"publish","type":"page","link":"https:\/\/ampero.com.pl\/","title":{"rendered":"Witaj"},"content":{"rendered":"<div id=\"pl-6\"  class=\"panel-layout\" ><div id=\"pg-6-0\"  class=\"panel-grid panel-has-style\" ><div class=\"panel-row-style panel-row-style-for-6-0\" ><div id=\"pgc-6-0-0\"  class=\"panel-grid-cell\" ><div id=\"panel-6-0-0-0\" class=\"so-panel widget widget_text panel-first-child panel-last-child\" data-index=\"0\" ><div class=\"panel-widget-style panel-widget-style-for-6-0-0-0\" >\t\t\t<div class=\"textwidget\"><h2 style=\"font-weight: 400; color: #1f4f79;\"><span style=\"font-family: 'andale mono', times; color: #ffffff;\">Naczeln\u0105 dewiz\u0105 naszej firmy jest dobro klienta. <span style=\"font-family: impact, chicago;\">Istniejemy od 1991 roku.<\/span><\/span><\/h2>\n<p style=\"text-align: right;\"><span style=\"color: #ffffff;\"><a title=\"O Firmie\" href=\"http:\/\/ampero.com.pl\/index.php\/o-firmie\/\"><span style=\"color: #ffffff;\">wi\u0119cej<\/span><\/a><\/span><\/p>\n&nbsp;<\/div>\n\t\t<\/div><\/div><\/div><div id=\"pgc-6-0-1\"  class=\"panel-grid-cell\" ><div id=\"panel-6-0-1-0\" class=\"so-panel widget widget_rpwe_widget rpwe_widget recent-posts-extended panel-first-child panel-last-child\" data-index=\"1\" ><div class=\"panel-widget-style panel-widget-style-for-6-0-1-0\" ><h3 class=\"widget-title\">Aktualno\u015bci<\/h3><div  class=\"rpwe-block\"><ul class=\"rpwe-ul\"><li class=\"rpwe-li rpwe-clearfix\"><a class=\"rpwe-img\" href=\"https:\/\/ampero.com.pl\/index.php\/2023\/09\/25\/1263\/\" target=\"_self\"><img class=\"rpwe-alignleft rpwe-thumb\" src=\"https:\/\/ampero.com.pl\/wp-content\/uploads\/2017\/01\/fav-45x45.jpg\" alt=\"ZAPRASZAMY\" height=\"45\" width=\"45\" loading=\"lazy\" decoding=\"async\"><\/a><h3 class=\"rpwe-title\"><a href=\"https:\/\/ampero.com.pl\/index.php\/2023\/09\/25\/1263\/\" target=\"_self\">ZAPRASZAMY<\/a><\/h3><time class=\"rpwe-time published\" datetime=\"2023-09-25T11:02:54+02:00\">2023-09-25<\/time><div class=\"rpwe-summary\">Nasz dzia\u0142 obs\u0142ugi klienta jest do &hellip;<\/div><\/li><li class=\"rpwe-li rpwe-clearfix\"><a class=\"rpwe-img\" href=\"https:\/\/ampero.com.pl\/index.php\/2015\/06\/11\/wspolpraca-z-politechnika-slaska\/\" target=\"_self\"><img class=\"rpwe-alignleft rpwe-thumb\" src=\"https:\/\/ampero.com.pl\/wp-content\/uploads\/2015\/06\/kalorymetr2-230x300-45x45.png\" alt=\"Wsp\u00f3\u0142praca z Politechnik\u0105 \u015al\u0105sk\u0105\" height=\"45\" width=\"45\" loading=\"lazy\" decoding=\"async\"><\/a><h3 class=\"rpwe-title\"><a href=\"https:\/\/ampero.com.pl\/index.php\/2015\/06\/11\/wspolpraca-z-politechnika-slaska\/\" target=\"_self\">Wsp\u00f3\u0142praca z Politechnik\u0105 \u015al\u0105sk\u0105<\/a><\/h3><time class=\"rpwe-time published\" datetime=\"2015-06-11T15:12:32+02:00\">2015-06-11<\/time><div class=\"rpwe-summary\">Razem z Politechnik\u0105 \u015al\u0105sk\u0105 zbudowali\u015bmy wysokotemperaturowy &hellip;<\/div><\/li><\/ul><\/div><!-- Generated by http:\/\/wordpress.org\/plugins\/recent-posts-widget-extended\/ --><\/div><\/div><\/div><div id=\"pgc-6-0-2\"  class=\"panel-grid-cell\" ><div id=\"panel-6-0-2-0\" class=\"so-panel widget widget_sow-image panel-first-child panel-last-child\" data-index=\"2\" ><div class=\"panel-widget-style panel-widget-style-for-6-0-2-0\" ><div\n\t\t\t\n\t\t\tclass=\"so-widget-sow-image so-widget-sow-image-default-c67d20f9f743-111\"\n\t\t\t\n\t\t>\n<div class=\"sow-image-container\">\n\t\t\t<a href=\"https:\/\/ampero.com.pl\/index.php\/katalog2\/\"\n\t\t\t\t\t>\n\t\t\t<img loading=\"lazy\" decoding=\"async\" src=\"https:\/\/ampero.com.pl\/wp-content\/uploads\/2015\/06\/katalog.png\" width=\"242\" height=\"332\" srcset=\"https:\/\/ampero.com.pl\/wp-content\/uploads\/2015\/06\/katalog.png 242w, https:\/\/ampero.com.pl\/wp-content\/uploads\/2015\/06\/katalog-219x300.png 219w\" sizes=\"auto, (max-width: 242px) 100vw, 242px\" alt=\"\" \t\tclass=\"so-widget-image\"\/>\n\t<\/a><\/div>\n\n<\/div><\/div><\/div><\/div><\/div><\/div><div id=\"pg-6-1\"  class=\"panel-grid panel-no-style\" ><div id=\"pgc-6-1-0\"  class=\"panel-grid-cell panel-grid-cell-mobile-last\" ><div id=\"panel-6-1-0-0\" class=\"so-panel widget widget_black-studio-tinymce widget_black_studio_tinymce panel-first-child panel-last-child\" data-index=\"3\" ><div class=\"textwidget\"><p><a href=\"http:\/\/ampero.com.pl\/index.php\/2015\/06\/11\/wspolpraca-z-politechnika-slaska\/\" rel=\"attachment wp-att-432\"><img loading=\"lazy\" decoding=\"async\" class=\"aligncenter size-full wp-image-432\" src=\"http:\/\/ampero.com.pl\/wp-content\/uploads\/2015\/06\/kalorymetr.jpg\" alt=\"kalorymetr\" width=\"802\" height=\"241\" srcset=\"https:\/\/ampero.com.pl\/wp-content\/uploads\/2015\/06\/kalorymetr.jpg 802w, https:\/\/ampero.com.pl\/wp-content\/uploads\/2015\/06\/kalorymetr-300x90.jpg 300w, https:\/\/ampero.com.pl\/wp-content\/uploads\/2015\/06\/kalorymetr-768x231.jpg 768w\" sizes=\"auto, (max-width: 802px) 100vw, 802px\" \/><\/a><\/p>\n<\/div><\/div><\/div><div id=\"pgc-6-1-1\"  class=\"panel-grid-cell panel-grid-cell-empty\" ><\/div><\/div><div id=\"pg-6-2\"  class=\"panel-grid panel-no-style\" ><div id=\"pgc-6-2-0\"  class=\"panel-grid-cell\" ><div id=\"panel-6-2-0-0\" class=\"so-panel widget widget_black-studio-tinymce widget_black_studio_tinymce panel-first-child panel-last-child\" data-index=\"4\" ><div class=\"textwidget\"><h1 style=\"color: white; background-color: #2d5680; text-align: center; padding: 5px;\">CZUJNIKI TEMPERATURY, APARATURA, AKCESORIA, POMIARY<\/h1>\n<h4>Ampero Thermo-Est. Jeste\u015bmy producentem czujnik\u00f3w temperatury od 1991 roku<\/h4>\n<p>Na rynku dzia\u0142amy od ponad 25 lat. Przez ten czas wsp\u00f3\u0142pracujemy nie tylko z partnerami krajowymi, ale tak\u017ce kontrahentami z zagranicy. To do\u015bwiadczenie praktyczne i wiedza teoretyczna zdobyta w trakcie wielu szkole\u0144, pozwala na zaoferowanie mn\u00f3stwa prostych jak i\u00a0 bardzo zaawansowanych rozwi\u0105za\u0144, gdy\u017c od pocz\u0105tku istnienia firmy naszymi celami s\u0105: wysoka jako\u015b\u0107 produkt\u00f3w oraz zadowolenie naszych partner\u00f3w.<\/p>\n<p>W naszej ofercie znajd\u0105 Pa\u0144stwo zar\u00f3wno czujnik temperatury g\u0142owicowy jak i czujnik temperatury przewodowy. To jednak nie wszystko. Proponujemy r\u00f3wnie\u017c wk\u0142ady pomiarowe, mierniki, regulatory, przetworniki, os\u0142ony, kr\u00f3\u0107ce, tuleje do wspawania, z\u0142\u0105cza TriClamp, ko\u0142nierze przy\u0142\u0105czeniowe, uchwyty zaciskowe, przewody kompensacyjne i \u0142\u0105czeniowe, kostki zaciskowe, g\u0142owice przy\u0142\u0105czeniowe, z\u0142\u0105cza.<\/p>\n<p>Poza zakupem nowych czujnik\u00f3w proponujemy r\u00f3wnie\u017c ich napraw\u0119 i regeneracj\u0119.<\/p>\n<p>W naszej ofercie znajduj\u0105 si\u0119 r\u00f3wnie\u017c us\u0142ugi pomiarowe w zakresie wzorcowania aparatury w naszym laboratorium lub w obiektach klienta.<\/p>\n<h4>Oferta Ampero Thermo-Est. Czujniki temperatury<\/h4>\n<p>Nasza firma produkuje wiele odmian czujnik\u00f3w temperatury, poni\u017cej chcemy kr\u00f3tko przedstawi\u0107 kilka ciekawych typ\u00f3w.<\/p>\n<p><strong>Czujnik temperatury do wbijania<\/strong> (PM, PM.1, PM.2, PM.3, GLM itd) to czujnik s\u0142u\u017c\u0105cy do wbijania lub wkr\u0119cania w r\u00f3\u017cne materia\u0142y lub ich zwa\u0142owiska. Najbardziej popularn\u0105 ich odmian\u0105 jest czujnik temperatury do batonu, kt\u00f3ry s\u0142u\u017cy do pomiaru temperatury w w\u0119dzonych lub zapiekanych mi\u0119sach, rybach.<\/p>\n<p><strong>Czujnik temperatury przylgowy<\/strong> (PA, PB, PC, PD, PE, PI, PVT itd.) to czujnik s\u0142u\u017c\u0105cy do pomiaru temperatury powierzchni. Czujniki te maj\u0105 bardzo wiele zastosowa\u0144 poczynaj\u0105c od mierzenia temperatury mro\u017conek poprzez pomiar temperatury ruroci\u0105g\u00f3w, korpus\u00f3w maszyn, a\u00a0 ko\u0144cz\u0105c na badaniu temperatury spaw\u00f3w.<\/p>\n<p><strong>Czujnik temperatury p\u0142aszczowy<\/strong> to odmiana czujnika, kt\u00f3r\u0105 charakteryzuje gi\u0119tko\u015b\u0107 i odporno\u015b\u0107 na wibracje. Czujniki temperatury wykonane w technice p\u0142aszczowej przed wygrzaniem mog\u0105 by\u0107 gi\u0119te, czyli przy monta\u017cu czujnik mo\u017cna kszta\u0142towa\u0107 jak przew\u00f3d. Drug\u0105 wa\u017cn\u0105 cech\u0105 tego typu czujnika jest jego wysoka odporno\u015b\u0107 na wibracje, w mniejszym stopniu dotyczy to czujnik\u00f3w rezystancyjnych, ale czujniki termoelektryczne s\u0105 praktycznie niewra\u017cliwe na wibracje.<\/p>\n<p>Te kilka przyk\u0142adowych typ\u00f3w nie wyczerpuje naszej oferty na czujniki temperatury, jest ona na tyle rozbudowana, \u017ce na pewno znajd\u0105 Pa\u0144stwo co\u015b dla siebie (patrz zak\u0142adka katalog). Gdyby jednak tak si\u0119 nie sta\u0142o, to prosimy o kontakt telefoniczny lub mailowy z nasz\u0105 firm\u0105, gdy\u017c wed\u0142ug Pa\u0144stwa specyfikacji lub dostarczonego wzoru mo\u017cemy stworzy\u0107 czujnik jakiego Pa\u0144stwo potrzebujecie.<\/p>\n<h4>Osprz\u0119t<\/h4>\n<p>Czujniki temperatury to nie wszystko, co znajd\u0105 Pa\u0144stwo w naszej ofercie. Proponujemy r\u00f3wnie\u017c osprz\u0119t potrzebny do zainstalowania i pod\u0142\u0105czenia czujnik\u00f3w na obiekcie czyli: uchwyty zaciskowe, tuleje do wspawania, ko\u0142nierze przy\u0142\u0105czeniowe, os\u0142ony, kr\u00f3\u0107ce, z\u0142\u0105cza TriClamp, przewody \u0142\u0105czeniowe i kompensacyjne.<\/p>\n<h4>Aparatura<\/h4>\n<p>W naszej ofercie znajd\u0105 Pa\u0144stwo r\u00f3wnie\u017c aparatur\u0119 elektroniczn\u0105, czyli akcesoria potrzebne do wsp\u00f3\u0142pracy czujnik\u00f3w temperatury z innymi aparatami AKP lub urz\u0105dzeniami wykonawczymi. W ramach aparatury oddajemy w Pa\u0144stwa r\u0119ce mierniki, regulatory, przetworniki, zasilacze i inne urz\u0105dzenia konstruowane pod zam\u00f3wienie.<\/p>\n<h4>Laboratorium<\/h4>\n<p>Firma Ampero Thermo-Est posiada r\u00f3wnie\u017c laboratorium, kt\u00f3re kontroluje nasze wyroby, ale tak\u017ce \u015bwiadczy us\u0142ugi dla klient\u00f3w. Na terenie laboratorium wzorcujemy czujniki i aparatur\u0119 do pomiaru temperatury w zakresie -35 \u00f7 1100\u00b0C. W obiektach klient\u00f3w wzorcujemy aparatur\u0119 osobno lub z ca\u0142ymi torami pomiarowymi.<\/p>\n<h4>Ampero Thermo-Est. Czujniki temperatury to nasza pasja<\/h4>\n<p>Przedsi\u0119biorstwo \"AMPERO THERMO-EST\" Sp. z o.o. uwa\u017ca jako\u015b\u0107 za fundament dzia\u0142alno\u015bci. Wysoki standard naszych wyrob\u00f3w i us\u0142ug to wizyt\u00f3wka naszej firmy. Jako najwa\u017cniejsze kryterium potwierdzenia jako\u015bci uznajemy zadowolenie naszych klient\u00f3w. Wymagania i oczekiwania klient\u00f3w wyznaczaj\u0105 kierunek naszego dzia\u0142ania, a ka\u017cde wykonane zadanie stanowi\u0107 powinno zadowolenie obecnego odbiorcy i rekomendacj\u0119 dla odbiorcy przysz\u0142ego.<\/p>\n<h4>NASZ CEL TO WYROBY NAJWY\u017bSZEJ JAKO\u015aCI<\/h4>\n<p>W naszej firmie stosujemy System Zarz\u0105dzania Jako\u015bci\u0105 zgodny z norm\u0105 ISO 9001 co\u00a0 gwarantuje, \u017ce jako\u015b\u0107 naszych wyrob\u00f3w i us\u0142ug odpowiada najnowocze\u015bniejszym standardom obowi\u0105zuj\u0105cym w \u015bwiecie. Zapewniamy, \u017ce System Zarz\u0105dzania Jako\u015bci\u0105 jest nadzorowany i\u00a0 doskonalony.<\/p>\n<p>Wysok\u0105 jako\u015b\u0107 pragniemy uzyska\u0107 realizuj\u0105c postanowione cele:<\/p>\n<ol>\n<li>wyeliminowanie ca\u0142kowicie reklamacji;<\/li>\n<li>zaanga\u017cowanie ca\u0142ej za\u0142ogi w stosowanie Systemu Zarz\u0105dzania Jako\u015bci\u0105;<\/li>\n<li>utrzymanie w niezmienionym sk\u0142adzie wysoko wykwalifikowan\u0105 za\u0142og\u0119 na ka\u017cdym stanowisku;<\/li>\n<li>kontrolowanie procesu produkcyjnego na ka\u017cdym etapie jego realizacji, okre\u015blanie cel\u00f3w dotycz\u0105cych jako\u015bci i kontrolowanie ich realizacji.<\/li>\n<\/ol>\n<p style=\"text-align: center;\"><strong>\u201eJAKO\u015a\u0106 UZYSKANA DZI\u015a GWARANTUJE LEPSZ\u0104 PRZYSZ\u0141O\u015a\u0106 JUTRO\u201d<\/strong><\/p>\n<\/div><\/div><\/div><\/div><\/div>","protected":false},"excerpt":{"rendered":"<p>Naczeln\u0105 dewiz\u0105 naszej firmy jest dobro klienta. Istniejemy od 1991 roku. wi\u0119cej &nbsp; CZUJNIKI TEMPERATURY, APARATURA, AKCESORIA, POMIARY Ampero Thermo-Est. Jeste\u015bmy producentem czujnik\u00f3w temperatury od 1991 roku Na rynku dzia\u0142amy od ponad 25 lat. Przez ten czas wsp\u00f3\u0142pracujemy nie tylko z partnerami krajowymi, ale tak\u017ce kontrahentami z zagranicy. To do\u015bwiadczenie praktyczne i wiedza teoretyczna zdobyta [&hellip;]<\/p>\n","protected":false},"author":3,"featured_media":0,"parent":0,"menu_order":0,"comment_status":"closed","ping_status":"open","template":"template-full-width.php","meta":{"footnotes":""},"class_list":["post-6","page","type-page","status-publish","hentry"],"aioseo_notices":[],"_links":{"self":[{"href":"https:\/\/ampero.com.pl\/index.php\/wp-json\/wp\/v2\/pages\/6","targetHints":{"allow":["GET"]}}],"collection":[{"href":"https:\/\/ampero.com.pl\/index.php\/wp-json\/wp\/v2\/pages"}],"about":[{"href":"https:\/\/ampero.com.pl\/index.php\/wp-json\/wp\/v2\/types\/page"}],"author":[{"embeddable":true,"href":"https:\/\/ampero.com.pl\/index.php\/wp-json\/wp\/v2\/users\/3"}],"replies":[{"embeddable":true,"href":"https:\/\/ampero.com.pl\/index.php\/wp-json\/wp\/v2\/comments?post=6"}],"version-history":[{"count":50,"href":"https:\/\/ampero.com.pl\/index.php\/wp-json\/wp\/v2\/pages\/6\/revisions"}],"predecessor-version":[{"id":691,"href":"https:\/\/ampero.com.pl\/index.php\/wp-json\/wp\/v2\/pages\/6\/revisions\/691"}],"wp:attachment":[{"href":"https:\/\/ampero.com.pl\/index.php\/wp-json\/wp\/v2\/media?parent=6"}],"curies":[{"name":"wp","href":"https:\/\/api.w.org\/{rel}","templated":true}]}}