{"id":40,"date":"2015-06-11T14:03:05","date_gmt":"2015-06-11T12:03:05","guid":{"rendered":"http:\/\/ampero.com.pl\/?page_id=40"},"modified":"2015-12-09T11:21:14","modified_gmt":"2015-12-09T10:21:14","slug":"laboratorium","status":"publish","type":"page","link":"https:\/\/ampero.com.pl\/index.php\/laboratorium\/","title":{"rendered":"Laboratorium"},"content":{"rendered":"<div id=\"pl-40\"  class=\"panel-layout\" ><div id=\"pg-40-0\"  class=\"panel-grid panel-no-style\" ><div id=\"pgc-40-0-0\"  class=\"panel-grid-cell\" ><div id=\"panel-40-0-0-0\" class=\"so-panel widget widget_sow-image panel-first-child\" data-index=\"0\" ><div\n\t\t\t\n\t\t\tclass=\"so-widget-sow-image so-widget-sow-image-default-8b5b6f678277-40\"\n\t\t\t\n\t\t>\n<div class=\"sow-image-container\">\n\t\t<img loading=\"lazy\" decoding=\"async\" src=\"https:\/\/ampero.com.pl\/wp-content\/uploads\/2015\/06\/laboratorium2-235x300-235x300.png\" width=\"235\" height=\"300\" sizes=\"auto, (max-width: 235px) 100vw, 235px\" title=\"laboratorium2-235&#215;300\" alt=\"\" \t\tclass=\"so-widget-image\"\/>\n\t<\/div>\n\n<\/div><\/div><div id=\"panel-40-0-0-1\" class=\"so-panel widget widget_sow-image panel-last-child\" data-index=\"1\" ><div\n\t\t\t\n\t\t\tclass=\"so-widget-sow-image so-widget-sow-image-default-8b5b6f678277-40\"\n\t\t\t\n\t\t>\n<div class=\"sow-image-container\">\n\t\t<img loading=\"lazy\" decoding=\"async\" src=\"https:\/\/ampero.com.pl\/wp-content\/uploads\/2015\/06\/laboratorium3-300x235-300x235.png\" width=\"300\" height=\"235\" sizes=\"auto, (max-width: 300px) 100vw, 300px\" title=\"laboratorium3-300&#215;235\" alt=\"\" \t\tclass=\"so-widget-image\"\/>\n\t<\/div>\n\n<\/div><\/div><\/div><div id=\"pgc-40-0-1\"  class=\"panel-grid-cell\" ><div id=\"panel-40-0-1-0\" class=\"so-panel widget widget_black-studio-tinymce widget_black_studio_tinymce panel-first-child panel-last-child\" data-index=\"2\" ><div class=\"textwidget\"><p><span style=\"color: #ffffff;\">.<\/span><\/p>\n<h2><span style=\"font-family: impact, chicago;\"><strong>Nasze Laboratorium \u015bwiadczy us\u0142ugi <\/strong><\/span><\/h2>\n<p><strong>1. W obiektach w\u0142asnych:<br \/>w zakresie wzorcowania aparatury do pomiaru temperatury<\/strong><br \/> <strong>w zakresie -35 \u00f7 1100\u00b0C:<br \/><\/strong>\u2022 czujnik\u00f3w temperatury (rezystancyjnych, termoelektrycznych i innych)<br \/>\u2022 miernik\u00f3w, regulator\u00f3w, rejestrator\u00f3w<br \/>\u2022 termometr\u00f3w elektrycznych<br \/>\u2022 pirometr\u00f3w radiacyjnych<\/p>\n<p><strong>2. W obiektach przemys\u0142owych Klienta :<br \/><\/strong><strong>wzorcowanie aparatury do pomiaru temperatury:<br \/><\/strong>\u2022 miernik\u00f3w<br \/>\u2022 regulator\u00f3w<br \/>\u2022 rejestrator\u00f3w <br \/>\u00a0 osobno lub z ca\u0142ymi torami pomiarowymi.<\/p>\n<p>\u00a0<\/p>\n<\/div><\/div><\/div><\/div><\/div>","protected":false},"excerpt":{"rendered":"<p>.Nasze Laboratorium \u015bwiadczy us\u0142ugi 1. W obiektach w\u0142asnych:w zakresie wzorcowania aparatury do pomiaru temperatury w zakresie -35 \u00f7 1100\u00b0C:\u2022 czujnik\u00f3w temperatury (rezystancyjnych, termoelektrycznych i innych)\u2022 miernik\u00f3w, regulator\u00f3w, rejestrator\u00f3w\u2022 termometr\u00f3w elektrycznych\u2022 pirometr\u00f3w radiacyjnych2. W obiektach przemys\u0142owych Klienta :wzorcowanie aparatury do pomiaru temperatury:\u2022 miernik\u00f3w\u2022 regulator\u00f3w\u2022 rejestrator\u00f3w \u00a0 osobno lub z ca\u0142ymi torami pomiarowymi.\u00a0<\/p>\n","protected":false},"author":3,"featured_media":0,"parent":0,"menu_order":0,"comment_status":"closed","ping_status":"open","template":"","meta":{"footnotes":""},"class_list":["post-40","page","type-page","status-publish","hentry"],"aioseo_notices":[],"_links":{"self":[{"href":"https:\/\/ampero.com.pl\/index.php\/wp-json\/wp\/v2\/pages\/40","targetHints":{"allow":["GET"]}}],"collection":[{"href":"https:\/\/ampero.com.pl\/index.php\/wp-json\/wp\/v2\/pages"}],"about":[{"href":"https:\/\/ampero.com.pl\/index.php\/wp-json\/wp\/v2\/types\/page"}],"author":[{"embeddable":true,"href":"https:\/\/ampero.com.pl\/index.php\/wp-json\/wp\/v2\/users\/3"}],"replies":[{"embeddable":true,"href":"https:\/\/ampero.com.pl\/index.php\/wp-json\/wp\/v2\/comments?post=40"}],"version-history":[{"count":8,"href":"https:\/\/ampero.com.pl\/index.php\/wp-json\/wp\/v2\/pages\/40\/revisions"}],"predecessor-version":[{"id":293,"href":"https:\/\/ampero.com.pl\/index.php\/wp-json\/wp\/v2\/pages\/40\/revisions\/293"}],"wp:attachment":[{"href":"https:\/\/ampero.com.pl\/index.php\/wp-json\/wp\/v2\/media?parent=40"}],"curies":[{"name":"wp","href":"https:\/\/api.w.org\/{rel}","templated":true}]}}