{"id":37,"date":"2015-06-11T13:55:20","date_gmt":"2015-06-11T11:55:20","guid":{"rendered":"http:\/\/ampero.com.pl\/?page_id=37"},"modified":"2015-12-09T11:10:56","modified_gmt":"2015-12-09T10:10:56","slug":"uslugi","status":"publish","type":"page","link":"https:\/\/ampero.com.pl\/index.php\/uslugi\/","title":{"rendered":"Us\u0142ugi"},"content":{"rendered":"<h3><span style=\"font-family: impact, chicago;\">Bior\u0105c pod uwag\u0119 potrzeby i problemy klient\u00f3w szybko przedstawiamy stosown\u0105 propozycj\u0119 optymalnej konstrukcji czujnika.<\/span><\/h3>\n<p><strong><br \/>\n<img loading=\"lazy\" decoding=\"async\" class=\"alignleft wp-image-38 size-full\" src=\"http:\/\/ampero.com.pl\/wp-content\/uploads\/2015\/06\/laboratorium.png\" alt=\"laboratorium\" width=\"327\" height=\"411\" srcset=\"https:\/\/ampero.com.pl\/wp-content\/uploads\/2015\/06\/laboratorium.png 327w, https:\/\/ampero.com.pl\/wp-content\/uploads\/2015\/06\/laboratorium-239x300.png 239w\" sizes=\"auto, (max-width: 327px) 100vw, 327px\" \/>W naszej ofercie znajduje si\u0119 kilkaset r\u00f3\u017cni\u0105cych si\u0119 rozwi\u0105za\u0144, kt\u00f3rych ilo\u015b\u0107 systematycznie przyrasta.<br \/>\n<\/strong><\/p>\n<p>Stopniowo powi\u0119ksza si\u0119 te\u017c gama czujnik\u00f3w dedykowanych do okre\u015blonych zada\u0144 \u2013 tworzonych wsp\u00f3lnie z U\u017cytkownikiem. Przyj\u0119li\u015bmy zasad\u0119, \u017ce problem Klienta jest naszym problemem.<\/p>\n<p>W przypadku awarii u naszego Partnera \u2013 dzia\u0142amy b\u0142yskawicznie, eliminuj\u0105c konieczno\u015b\u0107 zatrzymania procesu produkcji. Taka sytuacja stanowi dla nas priorytet.*<\/p>\n<p>* Wykonujemy czujniki w rozleg\u0142ej gamie asortymentowej.<\/p>\n","protected":false},"excerpt":{"rendered":"<p>Bior\u0105c pod uwag\u0119 potrzeby i problemy klient\u00f3w szybko przedstawiamy stosown\u0105 propozycj\u0119 optymalnej konstrukcji czujnika. W naszej ofercie znajduje si\u0119 kilkaset r\u00f3\u017cni\u0105cych si\u0119 rozwi\u0105za\u0144, kt\u00f3rych ilo\u015b\u0107 systematycznie przyrasta. Stopniowo powi\u0119ksza si\u0119 te\u017c gama czujnik\u00f3w dedykowanych do okre\u015blonych zada\u0144 \u2013 tworzonych wsp\u00f3lnie z U\u017cytkownikiem. Przyj\u0119li\u015bmy zasad\u0119, \u017ce problem Klienta jest naszym problemem. W przypadku awarii u naszego [&hellip;]<\/p>\n","protected":false},"author":3,"featured_media":0,"parent":0,"menu_order":0,"comment_status":"closed","ping_status":"open","template":"","meta":{"footnotes":""},"class_list":["post-37","page","type-page","status-publish","hentry"],"aioseo_notices":[],"_links":{"self":[{"href":"https:\/\/ampero.com.pl\/index.php\/wp-json\/wp\/v2\/pages\/37","targetHints":{"allow":["GET"]}}],"collection":[{"href":"https:\/\/ampero.com.pl\/index.php\/wp-json\/wp\/v2\/pages"}],"about":[{"href":"https:\/\/ampero.com.pl\/index.php\/wp-json\/wp\/v2\/types\/page"}],"author":[{"embeddable":true,"href":"https:\/\/ampero.com.pl\/index.php\/wp-json\/wp\/v2\/users\/3"}],"replies":[{"embeddable":true,"href":"https:\/\/ampero.com.pl\/index.php\/wp-json\/wp\/v2\/comments?post=37"}],"version-history":[{"count":4,"href":"https:\/\/ampero.com.pl\/index.php\/wp-json\/wp\/v2\/pages\/37\/revisions"}],"predecessor-version":[{"id":287,"href":"https:\/\/ampero.com.pl\/index.php\/wp-json\/wp\/v2\/pages\/37\/revisions\/287"}],"wp:attachment":[{"href":"https:\/\/ampero.com.pl\/index.php\/wp-json\/wp\/v2\/media?parent=37"}],"curies":[{"name":"wp","href":"https:\/\/api.w.org\/{rel}","templated":true}]}}